{"id":1694,"date":"2023-03-15T19:36:00","date_gmt":"2023-03-15T17:36:00","guid":{"rendered":"http:\/\/www.transportsenergivip.com\/que-oferim\/"},"modified":"2023-10-18T19:57:39","modified_gmt":"2023-10-18T17:57:39","slug":"que-ofrecemos","status":"publish","type":"page","link":"https:\/\/www.transportsenergivip.com\/es\/que-ofrecemos\/","title":{"rendered":"Qu\u00e9 ofrecemos"},"content":{"rendered":"<div class=\"wpb-content-wrapper\"><p>[vc_row][vc_column width=\u00bb1\/2&#8243;][vc_custom_heading text=\u00bbQu\u00e9 ofrecemos\u00bb use_theme_fonts=\u00bbyes\u00bb][vc_column_text css=\u00bb.vc_custom_1697651777784{margin-bottom: 30px !important;}\u00bb]<\/p>\n<ul class=\"style_3\">\n<li>Energi Vip pone a su disposici\u00f3n una flota de 12 veh\u00edculos totalmente equipados con sistema de seguimiento en ruta por GPS totalmente homologados para cargar en cualquier terminal portuaria de Catalu\u00f1a.<\/li>\n<li>Trabajamos para las principales Compa\u00f1\u00edas Petroleras y Operadoras, as\u00ed como Estaciones de Servicio particulares y Centros de Distribuci\u00f3n.<\/li>\n<li>Nuestro equipo trabaja para gestionar continuamente sus pedidos y consultas.<\/li>\n<\/ul>\n<p>[\/vc_column_text][\/vc_column][vc_column width=\u00bb1\/2&#8243;][vc_gallery interval=\u00bb3&#8243; images=\u00bb1519,1520,1521,1522&#8243; img_size=\u00bbfull\u00bb][\/vc_column][\/vc_row]<\/p>\n<\/div>","protected":false},"excerpt":{"rendered":"<p>[vc_row][vc_column width=\u00bb1\/2&#8243;][vc_custom_heading text=\u00bbQu\u00e9 ofrecemos\u00bb use_theme_fonts=\u00bbyes\u00bb][vc_column_text css=\u00bb.vc_custom_1697651777784{margin-bottom: 30px !important;}\u00bb] Energi Vip pone a su disposici\u00f3n una flota de 12 veh\u00edculos totalmente equipados con sistema de seguimiento en ruta por GPS totalmente homologados para cargar&#8230;<\/p>\n","protected":false},"author":1,"featured_media":0,"parent":0,"menu_order":3,"comment_status":"closed","ping_status":"closed","template":"","meta":{"om_disable_all_campaigns":false,"_monsterinsights_skip_tracking":false,"_monsterinsights_sitenote_active":false,"_monsterinsights_sitenote_note":"","_monsterinsights_sitenote_category":0,"footnotes":""},"class_list":["post-1694","page","type-page","status-publish","hentry"],"aioseo_notices":[],"_links":{"self":[{"href":"https:\/\/www.transportsenergivip.com\/es\/wp-json\/wp\/v2\/pages\/1694","targetHints":{"allow":["GET"]}}],"collection":[{"href":"https:\/\/www.transportsenergivip.com\/es\/wp-json\/wp\/v2\/pages"}],"about":[{"href":"https:\/\/www.transportsenergivip.com\/es\/wp-json\/wp\/v2\/types\/page"}],"author":[{"embeddable":true,"href":"https:\/\/www.transportsenergivip.com\/es\/wp-json\/wp\/v2\/users\/1"}],"replies":[{"embeddable":true,"href":"https:\/\/www.transportsenergivip.com\/es\/wp-json\/wp\/v2\/comments?post=1694"}],"version-history":[{"count":3,"href":"https:\/\/www.transportsenergivip.com\/es\/wp-json\/wp\/v2\/pages\/1694\/revisions"}],"predecessor-version":[{"id":1697,"href":"https:\/\/www.transportsenergivip.com\/es\/wp-json\/wp\/v2\/pages\/1694\/revisions\/1697"}],"wp:attachment":[{"href":"https:\/\/www.transportsenergivip.com\/es\/wp-json\/wp\/v2\/media?parent=1694"}],"curies":[{"name":"wp","href":"https:\/\/api.w.org\/{rel}","templated":true}]}}